{"id":2422,"date":"2021-09-29T11:12:33","date_gmt":"2021-09-29T11:12:33","guid":{"rendered":"https:\/\/pazinapotepu.si\/?page_id=2422"},"modified":"2022-11-03T16:09:01","modified_gmt":"2022-11-03T16:09:01","slug":"fontana-vin-vodole","status":"publish","type":"page","link":"https:\/\/pazinapotepu.si\/en\/fontana-vin-vodole\/","title":{"rendered":"Fontana vin Vodole"},"content":{"rendered":"<div data-elementor-type=\"wp-page\" data-elementor-id=\"2422\" class=\"elementor elementor-2422\">\n\t\t\t\t\t\t<section class=\"elementor-section elementor-top-section elementor-element elementor-element-092bb8b elementor-section-boxed elementor-section-height-default elementor-section-height-default\" data-id=\"092bb8b\" data-element_type=\"section\" data-e-type=\"section\">\n\t\t\t\t\t\t<div class=\"elementor-container elementor-column-gap-default\">\n\t\t\t\t\t<div class=\"elementor-column elementor-col-50 elementor-top-column elementor-element elementor-element-5bb3cc5\" data-id=\"5bb3cc5\" data-element_type=\"column\" data-e-type=\"column\">\n\t\t\t<div class=\"elementor-widget-wrap elementor-element-populated\">\n\t\t\t\t\t\t<div class=\"elementor-element elementor-element-a880b9a elementor-widget elementor-widget-image\" data-id=\"a880b9a\" data-element_type=\"widget\" data-e-type=\"widget\" data-widget_type=\"image.default\">\n\t\t\t\t<div class=\"elementor-widget-container\">\n\t\t\t\t\t\t\t\t\t\t\t\t\t\t\t<img fetchpriority=\"high\" decoding=\"async\" width=\"1024\" height=\"768\" src=\"https:\/\/pazinapotepu.si\/wp-content\/uploads\/2021\/09\/vodole-main1-1024x768.jpg\" class=\"attachment-large size-large wp-image-2424\" alt=\"\" srcset=\"https:\/\/pazinapotepu.si\/wp-content\/uploads\/2021\/09\/vodole-main1-1024x768.jpg 1024w, https:\/\/pazinapotepu.si\/wp-content\/uploads\/2021\/09\/vodole-main1-300x225.jpg 300w, https:\/\/pazinapotepu.si\/wp-content\/uploads\/2021\/09\/vodole-main1-768x576.jpg 768w, https:\/\/pazinapotepu.si\/wp-content\/uploads\/2021\/09\/vodole-main1-1536x1152.jpg 1536w, https:\/\/pazinapotepu.si\/wp-content\/uploads\/2021\/09\/vodole-main1.jpg 1600w\" sizes=\"(max-width: 1024px) 100vw, 1024px\" \/>\t\t\t\t\t\t\t\t\t\t\t\t\t\t\t<\/div>\n\t\t\t\t<\/div>\n\t\t\t\t\t<\/div>\n\t\t<\/div>\n\t\t\t\t<div class=\"elementor-column elementor-col-50 elementor-top-column elementor-element elementor-element-262938e\" data-id=\"262938e\" data-element_type=\"column\" data-e-type=\"column\">\n\t\t\t<div class=\"elementor-widget-wrap elementor-element-populated\">\n\t\t\t\t\t\t<div class=\"elementor-element elementor-element-fee748e elementor-widget elementor-widget-text-editor\" data-id=\"fee748e\" data-element_type=\"widget\" data-e-type=\"widget\" data-widget_type=\"text-editor.default\">\n\t\t\t\t<div class=\"elementor-widget-container\">\n\t\t\t\t\t\t\t\t\t<p><strong>Fontana vin Vodole<\/strong><\/p><p>Na obrobju drugega najve\u010djega slovenskega mesta Maribor, kjer \u017ee desetletja gojijo razli\u010dne vinske trte in pridelujejo vino, med katere spada tudi vasica Vodole. Vasica je znana po vrhunskih vinih in vinarjih, katerih ugled sega dale\u010d preko meja. Znana pa je tudi po fontani vin, ki privablja veliko ljudi z doma\u010dega okolja in tudi tujine. Tukaj lahko poskusite razli\u010dna vina lokalnih proizvajalcev, v ponudbi imajo tudi hrano in brezalkoholne pija\u010de. V sklopu pa je tudi trgovina s ponudbo lokalnih proizvodov.<\/p><p><strong>Kako do fontane:<\/strong><\/p><p>Iz Maribora se napotimo v Male\u010dnik, kjer pridemo do znane picerije \u010crni Baron. Kjer zavijemo levo in sledimo cesti in ozna\u010dbam, ki pelje v hrib in po kratki vo\u017enji prispemo do parkiri\u0161\u010da, kjer tudi parkiramo. Od tod nas lesene stopnice pripeljejo do fontane.<\/p>\t\t\t\t\t\t\t\t<\/div>\n\t\t\t\t<\/div>\n\t\t\t\t\t<\/div>\n\t\t<\/div>\n\t\t\t\t\t<\/div>\n\t\t<\/section>\n\t\t\t\t<section class=\"elementor-section elementor-top-section elementor-element elementor-element-d4a88a1 elementor-section-boxed elementor-section-height-default elementor-section-height-default\" data-id=\"d4a88a1\" data-element_type=\"section\" data-e-type=\"section\">\n\t\t\t\t\t\t<div class=\"elementor-container elementor-column-gap-default\">\n\t\t\t\t\t<div class=\"elementor-column elementor-col-100 elementor-top-column elementor-element elementor-element-7d64390\" data-id=\"7d64390\" data-element_type=\"column\" data-e-type=\"column\">\n\t\t\t<div class=\"elementor-widget-wrap elementor-element-populated\">\n\t\t\t\t\t\t<div class=\"elementor-element elementor-element-7b4d65a elementor-widget elementor-widget-image-gallery\" data-id=\"7b4d65a\" data-element_type=\"widget\" data-e-type=\"widget\" data-widget_type=\"image-gallery.default\">\n\t\t\t\t<div class=\"elementor-widget-container\">\n\t\t\t\t\t\t\t<div class=\"elementor-image-gallery\">\n\t\t\t<div id='gallery-1' class='gallery galleryid-2422 gallery-columns-4 gallery-size-thumbnail'><figure class='gallery-item'>\n\t\t\t<div class='gallery-icon landscape'>\n\t\t\t\t<a data-elementor-open-lightbox=\"yes\" data-elementor-lightbox-slideshow=\"7b4d65a\" data-elementor-lightbox-title=\"vodole8\" data-e-action-hash=\"#elementor-action%3Aaction%3Dlightbox%26settings%3DeyJpZCI6MjQyNSwidXJsIjoiaHR0cHM6XC9cL3BhemluYXBvdGVwdS5zaVwvd3AtY29udGVudFwvdXBsb2Fkc1wvMjAyMVwvMDlcL3ZvZG9sZTguanBnIiwic2xpZGVzaG93IjoiN2I0ZDY1YSJ9\" href='https:\/\/pazinapotepu.si\/wp-content\/uploads\/2021\/09\/vodole8.jpg'><img decoding=\"async\" width=\"150\" height=\"150\" src=\"https:\/\/pazinapotepu.si\/wp-content\/uploads\/2021\/09\/vodole8-150x150.jpg\" class=\"attachment-thumbnail size-thumbnail\" alt=\"\" \/><\/a>\n\t\t\t<\/div><\/figure><figure class='gallery-item'>\n\t\t\t<div class='gallery-icon landscape'>\n\t\t\t\t<a data-elementor-open-lightbox=\"yes\" data-elementor-lightbox-slideshow=\"7b4d65a\" data-elementor-lightbox-title=\"vodole 1\" data-e-action-hash=\"#elementor-action%3Aaction%3Dlightbox%26settings%3DeyJpZCI6MjQyNiwidXJsIjoiaHR0cHM6XC9cL3BhemluYXBvdGVwdS5zaVwvd3AtY29udGVudFwvdXBsb2Fkc1wvMjAyMVwvMDlcL3ZvZG9sZS0xLmpwZyIsInNsaWRlc2hvdyI6IjdiNGQ2NWEifQ%3D%3D\" href='https:\/\/pazinapotepu.si\/wp-content\/uploads\/2021\/09\/vodole-1.jpg'><img decoding=\"async\" width=\"150\" height=\"150\" src=\"https:\/\/pazinapotepu.si\/wp-content\/uploads\/2021\/09\/vodole-1-150x150.jpg\" class=\"attachment-thumbnail size-thumbnail\" alt=\"\" \/><\/a>\n\t\t\t<\/div><\/figure><figure class='gallery-item'>\n\t\t\t<div class='gallery-icon portrait'>\n\t\t\t\t<a data-elementor-open-lightbox=\"yes\" data-elementor-lightbox-slideshow=\"7b4d65a\" data-elementor-lightbox-title=\"vodole 2\" data-e-action-hash=\"#elementor-action%3Aaction%3Dlightbox%26settings%3DeyJpZCI6MjQyNywidXJsIjoiaHR0cHM6XC9cL3BhemluYXBvdGVwdS5zaVwvd3AtY29udGVudFwvdXBsb2Fkc1wvMjAyMVwvMDlcL3ZvZG9sZS0yLmpwZyIsInNsaWRlc2hvdyI6IjdiNGQ2NWEifQ%3D%3D\" href='https:\/\/pazinapotepu.si\/wp-content\/uploads\/2021\/09\/vodole-2.jpg'><img loading=\"lazy\" decoding=\"async\" width=\"150\" height=\"150\" src=\"https:\/\/pazinapotepu.si\/wp-content\/uploads\/2021\/09\/vodole-2-150x150.jpg\" class=\"attachment-thumbnail size-thumbnail\" alt=\"\" \/><\/a>\n\t\t\t<\/div><\/figure><figure class='gallery-item'>\n\t\t\t<div class='gallery-icon portrait'>\n\t\t\t\t<a data-elementor-open-lightbox=\"yes\" data-elementor-lightbox-slideshow=\"7b4d65a\" data-elementor-lightbox-title=\"vodole3\" data-e-action-hash=\"#elementor-action%3Aaction%3Dlightbox%26settings%3DeyJpZCI6MjQyOCwidXJsIjoiaHR0cHM6XC9cL3BhemluYXBvdGVwdS5zaVwvd3AtY29udGVudFwvdXBsb2Fkc1wvMjAyMVwvMDlcL3ZvZG9sZTMuanBnIiwic2xpZGVzaG93IjoiN2I0ZDY1YSJ9\" href='https:\/\/pazinapotepu.si\/wp-content\/uploads\/2021\/09\/vodole3.jpg'><img loading=\"lazy\" decoding=\"async\" width=\"150\" height=\"150\" src=\"https:\/\/pazinapotepu.si\/wp-content\/uploads\/2021\/09\/vodole3-150x150.jpg\" class=\"attachment-thumbnail size-thumbnail\" alt=\"\" \/><\/a>\n\t\t\t<\/div><\/figure><figure class='gallery-item'>\n\t\t\t<div class='gallery-icon landscape'>\n\t\t\t\t<a data-elementor-open-lightbox=\"yes\" data-elementor-lightbox-slideshow=\"7b4d65a\" data-elementor-lightbox-title=\"vodole4\" data-e-action-hash=\"#elementor-action%3Aaction%3Dlightbox%26settings%3DeyJpZCI6MjQyOSwidXJsIjoiaHR0cHM6XC9cL3BhemluYXBvdGVwdS5zaVwvd3AtY29udGVudFwvdXBsb2Fkc1wvMjAyMVwvMDlcL3ZvZG9sZTQuanBnIiwic2xpZGVzaG93IjoiN2I0ZDY1YSJ9\" href='https:\/\/pazinapotepu.si\/wp-content\/uploads\/2021\/09\/vodole4.jpg'><img loading=\"lazy\" decoding=\"async\" width=\"150\" height=\"150\" src=\"https:\/\/pazinapotepu.si\/wp-content\/uploads\/2021\/09\/vodole4-150x150.jpg\" class=\"attachment-thumbnail size-thumbnail\" alt=\"\" \/><\/a>\n\t\t\t<\/div><\/figure><figure class='gallery-item'>\n\t\t\t<div class='gallery-icon landscape'>\n\t\t\t\t<a data-elementor-open-lightbox=\"yes\" data-elementor-lightbox-slideshow=\"7b4d65a\" data-elementor-lightbox-title=\"vodole5\" data-e-action-hash=\"#elementor-action%3Aaction%3Dlightbox%26settings%3DeyJpZCI6MjQzMCwidXJsIjoiaHR0cHM6XC9cL3BhemluYXBvdGVwdS5zaVwvd3AtY29udGVudFwvdXBsb2Fkc1wvMjAyMVwvMDlcL3ZvZG9sZTUuanBnIiwic2xpZGVzaG93IjoiN2I0ZDY1YSJ9\" href='https:\/\/pazinapotepu.si\/wp-content\/uploads\/2021\/09\/vodole5.jpg'><img loading=\"lazy\" decoding=\"async\" width=\"150\" height=\"150\" src=\"https:\/\/pazinapotepu.si\/wp-content\/uploads\/2021\/09\/vodole5-150x150.jpg\" class=\"attachment-thumbnail size-thumbnail\" alt=\"\" \/><\/a>\n\t\t\t<\/div><\/figure><figure class='gallery-item'>\n\t\t\t<div class='gallery-icon landscape'>\n\t\t\t\t<a data-elementor-open-lightbox=\"yes\" data-elementor-lightbox-slideshow=\"7b4d65a\" data-elementor-lightbox-title=\"vodole6\" data-e-action-hash=\"#elementor-action%3Aaction%3Dlightbox%26settings%3DeyJpZCI6MjQzMSwidXJsIjoiaHR0cHM6XC9cL3BhemluYXBvdGVwdS5zaVwvd3AtY29udGVudFwvdXBsb2Fkc1wvMjAyMVwvMDlcL3ZvZG9sZTYuanBnIiwic2xpZGVzaG93IjoiN2I0ZDY1YSJ9\" href='https:\/\/pazinapotepu.si\/wp-content\/uploads\/2021\/09\/vodole6.jpg'><img loading=\"lazy\" decoding=\"async\" width=\"150\" height=\"150\" src=\"https:\/\/pazinapotepu.si\/wp-content\/uploads\/2021\/09\/vodole6-150x150.jpg\" class=\"attachment-thumbnail size-thumbnail\" alt=\"\" \/><\/a>\n\t\t\t<\/div><\/figure><figure class='gallery-item'>\n\t\t\t<div class='gallery-icon portrait'>\n\t\t\t\t<a data-elementor-open-lightbox=\"yes\" data-elementor-lightbox-slideshow=\"7b4d65a\" data-elementor-lightbox-title=\"vodole7\" data-e-action-hash=\"#elementor-action%3Aaction%3Dlightbox%26settings%3DeyJpZCI6MjQzMiwidXJsIjoiaHR0cHM6XC9cL3BhemluYXBvdGVwdS5zaVwvd3AtY29udGVudFwvdXBsb2Fkc1wvMjAyMVwvMDlcL3ZvZG9sZTcuanBnIiwic2xpZGVzaG93IjoiN2I0ZDY1YSJ9\" href='https:\/\/pazinapotepu.si\/wp-content\/uploads\/2021\/09\/vodole7.jpg'><img loading=\"lazy\" decoding=\"async\" width=\"150\" height=\"150\" src=\"https:\/\/pazinapotepu.si\/wp-content\/uploads\/2021\/09\/vodole7-150x150.jpg\" class=\"attachment-thumbnail size-thumbnail\" alt=\"\" \/><\/a>\n\t\t\t<\/div><\/figure>\n\t\t<\/div>\n\t\t<\/div>\n\t\t\t\t\t\t<\/div>\n\t\t\t\t<\/div>\n\t\t\t\t\t<\/div>\n\t\t<\/div>\n\t\t\t\t\t<\/div>\n\t\t<\/section>\n\t\t\t\t<\/div>","protected":false},"excerpt":{"rendered":"<p>Fontana vin Vodole Na obrobju drugega najve\u010djega slovenskega mesta Maribor, kjer \u017ee desetletja gojijo razli\u010dne vinske trte in pridelujejo vino, med katere spada tudi vasica Vodole. Vasica je znana po vrhunskih vinih in vinarjih, katerih ugled sega dale\u010d preko meja. Znana pa je tudi po fontani vin, ki privablja veliko ljudi z doma\u010dega okolja in [&hellip;]<\/p>\n","protected":false},"author":2,"featured_media":0,"parent":0,"menu_order":0,"comment_status":"closed","ping_status":"closed","template":"","meta":{"site-sidebar-layout":"no-sidebar","site-content-layout":"page-builder","ast-site-content-layout":"default","site-content-style":"default","site-sidebar-style":"default","ast-global-header-display":"","ast-banner-title-visibility":"","ast-main-header-display":"","ast-hfb-above-header-display":"","ast-hfb-below-header-display":"","ast-hfb-mobile-header-display":"","site-post-title":"disabled","ast-breadcrumbs-content":"","ast-featured-img":"disabled","footer-sml-layout":"","ast-disable-related-posts":"","theme-transparent-header-meta":"default","adv-header-id-meta":"","stick-header-meta":"","header-above-stick-meta":"","header-main-stick-meta":"","header-below-stick-meta":"","astra-migrate-meta-layouts":"default","ast-page-background-enabled":"default","ast-page-background-meta":{"desktop":{"background-color":"","background-image":"","background-repeat":"repeat","background-position":"center center","background-size":"auto","background-attachment":"scroll","background-type":"","background-media":"","overlay-type":"","overlay-color":"","overlay-opacity":"","overlay-gradient":""},"tablet":{"background-color":"","background-image":"","background-repeat":"repeat","background-position":"center center","background-size":"auto","background-attachment":"scroll","background-type":"","background-media":"","overlay-type":"","overlay-color":"","overlay-opacity":"","overlay-gradient":""},"mobile":{"background-color":"","background-image":"","background-repeat":"repeat","background-position":"center center","background-size":"auto","background-attachment":"scroll","background-type":"","background-media":"","overlay-type":"","overlay-color":"","overlay-opacity":"","overlay-gradient":""}},"ast-content-background-meta":{"desktop":{"background-color":"var(--ast-global-color-5)","background-image":"","background-repeat":"repeat","background-position":"center center","background-size":"auto","background-attachment":"scroll","background-type":"","background-media":"","overlay-type":"","overlay-color":"","overlay-opacity":"","overlay-gradient":""},"tablet":{"background-color":"var(--ast-global-color-5)","background-image":"","background-repeat":"repeat","background-position":"center center","background-size":"auto","background-attachment":"scroll","background-type":"","background-media":"","overlay-type":"","overlay-color":"","overlay-opacity":"","overlay-gradient":""},"mobile":{"background-color":"var(--ast-global-color-5)","background-image":"","background-repeat":"repeat","background-position":"center center","background-size":"auto","background-attachment":"scroll","background-type":"","background-media":"","overlay-type":"","overlay-color":"","overlay-opacity":"","overlay-gradient":""}},"footnotes":""},"class_list":["post-2422","page","type-page","status-publish","hentry"],"yoast_head":"<!-- This site is optimized with the Yoast SEO plugin v27.4 - https:\/\/yoast.com\/product\/yoast-seo-wordpress\/ -->\n<title>Fontana vin Vodole - Pazi na Potepu<\/title>\n<meta name=\"description\" content=\"Fontana vin Vodole - Pazi na Potepu\" \/>\n<meta name=\"robots\" content=\"index, follow, max-snippet:-1, max-image-preview:large, max-video-preview:-1\" \/>\n<link rel=\"canonical\" href=\"https:\/\/pazinapotepu.si\/en\/fontana-vin-vodole\/\" \/>\n<meta property=\"og:locale\" content=\"en_US\" \/>\n<meta property=\"og:type\" content=\"article\" \/>\n<meta property=\"og:title\" content=\"Fontana vin Vodole - Pazi na Potepu\" \/>\n<meta property=\"og:description\" content=\"Fontana vin Vodole - Pazi na Potepu\" \/>\n<meta property=\"og:url\" content=\"https:\/\/pazinapotepu.si\/en\/fontana-vin-vodole\/\" \/>\n<meta property=\"og:site_name\" content=\"Pazi na Potepu\" \/>\n<meta property=\"article:modified_time\" content=\"2022-11-03T16:09:01+00:00\" \/>\n<meta property=\"og:image\" content=\"https:\/\/pazinapotepu.si\/wp-content\/uploads\/2021\/09\/vodole-main1-1024x768.jpg\" \/>\n<meta name=\"twitter:card\" content=\"summary_large_image\" \/>\n<meta name=\"twitter:label1\" content=\"Est. reading time\" \/>\n\t<meta name=\"twitter:data1\" content=\"3 minutes\" \/>\n<script type=\"application\/ld+json\" class=\"yoast-schema-graph\">{\"@context\":\"https:\\\/\\\/schema.org\",\"@graph\":[{\"@type\":\"WebPage\",\"@id\":\"https:\\\/\\\/pazinapotepu.si\\\/fontana-vin-vodole\\\/\",\"url\":\"https:\\\/\\\/pazinapotepu.si\\\/fontana-vin-vodole\\\/\",\"name\":\"Fontana vin Vodole - Pazi na Potepu\",\"isPartOf\":{\"@id\":\"https:\\\/\\\/pazinapotepu.si\\\/#website\"},\"primaryImageOfPage\":{\"@id\":\"https:\\\/\\\/pazinapotepu.si\\\/fontana-vin-vodole\\\/#primaryimage\"},\"image\":{\"@id\":\"https:\\\/\\\/pazinapotepu.si\\\/fontana-vin-vodole\\\/#primaryimage\"},\"thumbnailUrl\":\"https:\\\/\\\/pazinapotepu.si\\\/wp-content\\\/uploads\\\/2021\\\/09\\\/vodole-main1-1024x768.jpg\",\"datePublished\":\"2021-09-29T11:12:33+00:00\",\"dateModified\":\"2022-11-03T16:09:01+00:00\",\"description\":\"Fontana vin Vodole - Pazi na Potepu\",\"breadcrumb\":{\"@id\":\"https:\\\/\\\/pazinapotepu.si\\\/fontana-vin-vodole\\\/#breadcrumb\"},\"inLanguage\":\"en-US\",\"potentialAction\":[{\"@type\":\"ReadAction\",\"target\":[\"https:\\\/\\\/pazinapotepu.si\\\/fontana-vin-vodole\\\/\"]}]},{\"@type\":\"ImageObject\",\"inLanguage\":\"en-US\",\"@id\":\"https:\\\/\\\/pazinapotepu.si\\\/fontana-vin-vodole\\\/#primaryimage\",\"url\":\"https:\\\/\\\/pazinapotepu.si\\\/wp-content\\\/uploads\\\/2021\\\/09\\\/vodole-main1-1024x768.jpg\",\"contentUrl\":\"https:\\\/\\\/pazinapotepu.si\\\/wp-content\\\/uploads\\\/2021\\\/09\\\/vodole-main1-1024x768.jpg\"},{\"@type\":\"BreadcrumbList\",\"@id\":\"https:\\\/\\\/pazinapotepu.si\\\/fontana-vin-vodole\\\/#breadcrumb\",\"itemListElement\":[{\"@type\":\"ListItem\",\"position\":1,\"name\":\"Home\",\"item\":\"https:\\\/\\\/pazinapotepu.si\\\/\"},{\"@type\":\"ListItem\",\"position\":2,\"name\":\"Fontana vin Vodole\"}]},{\"@type\":\"WebSite\",\"@id\":\"https:\\\/\\\/pazinapotepu.si\\\/#website\",\"url\":\"https:\\\/\\\/pazinapotepu.si\\\/\",\"name\":\"Pazi na Potepu\",\"description\":\"Potovanja so najina strast\",\"potentialAction\":[{\"@type\":\"SearchAction\",\"target\":{\"@type\":\"EntryPoint\",\"urlTemplate\":\"https:\\\/\\\/pazinapotepu.si\\\/?s={search_term_string}\"},\"query-input\":{\"@type\":\"PropertyValueSpecification\",\"valueRequired\":true,\"valueName\":\"search_term_string\"}}],\"inLanguage\":\"en-US\"}]}<\/script>\n<!-- \/ Yoast SEO plugin. -->","yoast_head_json":{"title":"Fontana vin Vodole - Pazi na Potepu","description":"Fontana vin Vodole - Pazi na Potepu","robots":{"index":"index","follow":"follow","max-snippet":"max-snippet:-1","max-image-preview":"max-image-preview:large","max-video-preview":"max-video-preview:-1"},"canonical":"https:\/\/pazinapotepu.si\/en\/fontana-vin-vodole\/","og_locale":"en_US","og_type":"article","og_title":"Fontana vin Vodole - Pazi na Potepu","og_description":"Fontana vin Vodole - Pazi na Potepu","og_url":"https:\/\/pazinapotepu.si\/en\/fontana-vin-vodole\/","og_site_name":"Pazi na Potepu","article_modified_time":"2022-11-03T16:09:01+00:00","og_image":[{"url":"https:\/\/pazinapotepu.si\/wp-content\/uploads\/2021\/09\/vodole-main1-1024x768.jpg","type":"","width":"","height":""}],"twitter_card":"summary_large_image","twitter_misc":{"Est. reading time":"3 minutes"},"schema":{"@context":"https:\/\/schema.org","@graph":[{"@type":"WebPage","@id":"https:\/\/pazinapotepu.si\/fontana-vin-vodole\/","url":"https:\/\/pazinapotepu.si\/fontana-vin-vodole\/","name":"Fontana vin Vodole - Pazi na Potepu","isPartOf":{"@id":"https:\/\/pazinapotepu.si\/#website"},"primaryImageOfPage":{"@id":"https:\/\/pazinapotepu.si\/fontana-vin-vodole\/#primaryimage"},"image":{"@id":"https:\/\/pazinapotepu.si\/fontana-vin-vodole\/#primaryimage"},"thumbnailUrl":"https:\/\/pazinapotepu.si\/wp-content\/uploads\/2021\/09\/vodole-main1-1024x768.jpg","datePublished":"2021-09-29T11:12:33+00:00","dateModified":"2022-11-03T16:09:01+00:00","description":"Fontana vin Vodole - Pazi na Potepu","breadcrumb":{"@id":"https:\/\/pazinapotepu.si\/fontana-vin-vodole\/#breadcrumb"},"inLanguage":"en-US","potentialAction":[{"@type":"ReadAction","target":["https:\/\/pazinapotepu.si\/fontana-vin-vodole\/"]}]},{"@type":"ImageObject","inLanguage":"en-US","@id":"https:\/\/pazinapotepu.si\/fontana-vin-vodole\/#primaryimage","url":"https:\/\/pazinapotepu.si\/wp-content\/uploads\/2021\/09\/vodole-main1-1024x768.jpg","contentUrl":"https:\/\/pazinapotepu.si\/wp-content\/uploads\/2021\/09\/vodole-main1-1024x768.jpg"},{"@type":"BreadcrumbList","@id":"https:\/\/pazinapotepu.si\/fontana-vin-vodole\/#breadcrumb","itemListElement":[{"@type":"ListItem","position":1,"name":"Home","item":"https:\/\/pazinapotepu.si\/"},{"@type":"ListItem","position":2,"name":"Fontana vin Vodole"}]},{"@type":"WebSite","@id":"https:\/\/pazinapotepu.si\/#website","url":"https:\/\/pazinapotepu.si\/","name":"Pazi na Potepu","description":"Traveling Is Our Passion","potentialAction":[{"@type":"SearchAction","target":{"@type":"EntryPoint","urlTemplate":"https:\/\/pazinapotepu.si\/?s={search_term_string}"},"query-input":{"@type":"PropertyValueSpecification","valueRequired":true,"valueName":"search_term_string"}}],"inLanguage":"en-US"}]}},"_links":{"self":[{"href":"https:\/\/pazinapotepu.si\/en\/wp-json\/wp\/v2\/pages\/2422","targetHints":{"allow":["GET"]}}],"collection":[{"href":"https:\/\/pazinapotepu.si\/en\/wp-json\/wp\/v2\/pages"}],"about":[{"href":"https:\/\/pazinapotepu.si\/en\/wp-json\/wp\/v2\/types\/page"}],"author":[{"embeddable":true,"href":"https:\/\/pazinapotepu.si\/en\/wp-json\/wp\/v2\/users\/2"}],"replies":[{"embeddable":true,"href":"https:\/\/pazinapotepu.si\/en\/wp-json\/wp\/v2\/comments?post=2422"}],"version-history":[{"count":11,"href":"https:\/\/pazinapotepu.si\/en\/wp-json\/wp\/v2\/pages\/2422\/revisions"}],"predecessor-version":[{"id":3205,"href":"https:\/\/pazinapotepu.si\/en\/wp-json\/wp\/v2\/pages\/2422\/revisions\/3205"}],"wp:attachment":[{"href":"https:\/\/pazinapotepu.si\/en\/wp-json\/wp\/v2\/media?parent=2422"}],"curies":[{"name":"wp","href":"https:\/\/api.w.org\/{rel}","templated":true}]}}