{"id":924,"date":"2021-03-02T17:50:58","date_gmt":"2021-03-02T17:50:58","guid":{"rendered":"http:\/\/pazinapotepu.si\/?page_id=924"},"modified":"2023-02-16T08:22:00","modified_gmt":"2023-02-16T08:22:00","slug":"otlisko-okno","status":"publish","type":"page","link":"https:\/\/pazinapotepu.si\/en\/otlisko-okno\/","title":{"rendered":"Otli\u0161ko okno"},"content":{"rendered":"<div data-elementor-type=\"wp-page\" data-elementor-id=\"924\" class=\"elementor elementor-924\">\n\t\t\t\t\t\t<section class=\"elementor-section elementor-top-section elementor-element elementor-element-4274ebf elementor-section-boxed elementor-section-height-default elementor-section-height-default\" data-id=\"4274ebf\" data-element_type=\"section\" data-e-type=\"section\">\n\t\t\t\t\t\t<div class=\"elementor-container elementor-column-gap-default\">\n\t\t\t\t\t<div class=\"elementor-column elementor-col-50 elementor-top-column elementor-element elementor-element-9ecc6b2\" data-id=\"9ecc6b2\" data-element_type=\"column\" data-e-type=\"column\">\n\t\t\t<div class=\"elementor-widget-wrap elementor-element-populated\">\n\t\t\t\t\t\t<div class=\"elementor-element elementor-element-46cac66 elementor-widget elementor-widget-image\" data-id=\"46cac66\" data-element_type=\"widget\" data-e-type=\"widget\" data-widget_type=\"image.default\">\n\t\t\t\t<div class=\"elementor-widget-container\">\n\t\t\t\t\t\t\t\t\t\t\t\t\t\t\t<img fetchpriority=\"high\" decoding=\"async\" width=\"1024\" height=\"768\" src=\"https:\/\/pazinapotepu.si\/wp-content\/uploads\/2021\/03\/otlisko-okno-main-1024x768.jpg\" class=\"attachment-large size-large wp-image-925\" alt=\"\" srcset=\"https:\/\/pazinapotepu.si\/wp-content\/uploads\/2021\/03\/otlisko-okno-main-1024x768.jpg 1024w, https:\/\/pazinapotepu.si\/wp-content\/uploads\/2021\/03\/otlisko-okno-main-300x225.jpg 300w, https:\/\/pazinapotepu.si\/wp-content\/uploads\/2021\/03\/otlisko-okno-main-768x576.jpg 768w, https:\/\/pazinapotepu.si\/wp-content\/uploads\/2021\/03\/otlisko-okno-main-1536x1152.jpg 1536w, https:\/\/pazinapotepu.si\/wp-content\/uploads\/2021\/03\/otlisko-okno-main.jpg 1600w\" sizes=\"(max-width: 1024px) 100vw, 1024px\" \/>\t\t\t\t\t\t\t\t\t\t\t\t\t\t\t<\/div>\n\t\t\t\t<\/div>\n\t\t\t\t\t<\/div>\n\t\t<\/div>\n\t\t\t\t<div class=\"elementor-column elementor-col-50 elementor-top-column elementor-element elementor-element-e96a4a6\" data-id=\"e96a4a6\" data-element_type=\"column\" data-e-type=\"column\">\n\t\t\t<div class=\"elementor-widget-wrap elementor-element-populated\">\n\t\t\t\t\t\t<div class=\"elementor-element elementor-element-c1c702c elementor-widget elementor-widget-text-editor\" data-id=\"c1c702c\" data-element_type=\"widget\" data-e-type=\"widget\" data-widget_type=\"text-editor.default\">\n\t\t\t\t<div class=\"elementor-widget-container\">\n\t\t\t\t\t\t\t\t\t<p><em><strong>Otli\u0161ko okno<\/strong><\/em><\/p><p>Otli\u0161ko okno je znana in priljubljena pohodni\u0161ka to\u010dka, ki se nahaja na trnovski planoti nad Ajdov\u0161\u010dino. Pot je srednje te\u017eka in je lepo ozna\u010dena, na\u0161 trud pa je popla\u010dan s pogledom skozi okno na vipavsko dolino.<\/p><p><em><strong>Kako do okna?<\/strong><\/em><\/p><p>Avtocesto zapustimo na izhodu Ajdov\u0161\u010dina in se usmerimo desno. Na semaforju peljemo naravnost do kro\u017ei\u0161\u010da v centru mesta in kro\u017ei\u0161\u010de zapustimo na prvem izvozu(smer Col). Po nekaj metrih vo\u017enje pre\u010dkamo potok Hubelj in takoj za mostom zavijemo levo ( izvir Hublja ). Sledimo tej cesti in imamo dve mo\u017enosti. Parkiramo lahko pri \u0161portnem parku Pale in mladinskem domu, kjer je veliko parkiri\u0161\u010de ali nadaljujemo vo\u017enjo ter parkiramo pri izviru Hublja, kjer se zna zgoditi da bo parkiri\u0161\u010de polno(manj\u0161e parkiri\u0161\u010de). Od tukaj naprej nas lepo ozna\u010dena pot vodi proti oknu.<\/p>\t\t\t\t\t\t\t\t<\/div>\n\t\t\t\t<\/div>\n\t\t\t\t\t<\/div>\n\t\t<\/div>\n\t\t\t\t\t<\/div>\n\t\t<\/section>\n\t\t\t\t<section class=\"elementor-section elementor-top-section elementor-element elementor-element-21445d7 elementor-section-boxed elementor-section-height-default elementor-section-height-default\" data-id=\"21445d7\" data-element_type=\"section\" data-e-type=\"section\">\n\t\t\t\t\t\t<div class=\"elementor-container elementor-column-gap-default\">\n\t\t\t\t\t<div class=\"elementor-column elementor-col-100 elementor-top-column elementor-element elementor-element-71ab852\" data-id=\"71ab852\" data-element_type=\"column\" data-e-type=\"column\">\n\t\t\t<div class=\"elementor-widget-wrap elementor-element-populated\">\n\t\t\t\t\t\t<div class=\"elementor-element elementor-element-5edc221 elementor-widget elementor-widget-image-gallery\" data-id=\"5edc221\" data-element_type=\"widget\" data-e-type=\"widget\" data-widget_type=\"image-gallery.default\">\n\t\t\t\t<div class=\"elementor-widget-container\">\n\t\t\t\t\t\t\t<div class=\"elementor-image-gallery\">\n\t\t\t<div id='gallery-1' class='gallery galleryid-924 gallery-columns-8 gallery-size-thumbnail'><figure class='gallery-item'>\n\t\t\t<div class='gallery-icon landscape'>\n\t\t\t\t<a data-elementor-open-lightbox=\"yes\" data-elementor-lightbox-slideshow=\"5edc221\" data-elementor-lightbox-title=\"157789783_252359119707312_5423502549043174407_n\" data-e-action-hash=\"#elementor-action%3Aaction%3Dlightbox%26settings%3DeyJpZCI6MTAzNywidXJsIjoiaHR0cHM6XC9cL3BhemluYXBvdGVwdS5zaVwvd3AtY29udGVudFwvdXBsb2Fkc1wvMjAyMVwvMDNcLzE1Nzc4OTc4M18yNTIzNTkxMTk3MDczMTJfNTQyMzUwMjU0OTA0MzE3NDQwN19uLmpwZyIsInNsaWRlc2hvdyI6IjVlZGMyMjEifQ%3D%3D\" href='https:\/\/pazinapotepu.si\/wp-content\/uploads\/2021\/03\/157789783_252359119707312_5423502549043174407_n.jpg'><img decoding=\"async\" width=\"150\" height=\"150\" src=\"https:\/\/pazinapotepu.si\/wp-content\/uploads\/2021\/03\/157789783_252359119707312_5423502549043174407_n-150x150.jpg\" class=\"attachment-thumbnail size-thumbnail\" alt=\"\" \/><\/a>\n\t\t\t<\/div><\/figure><figure class='gallery-item'>\n\t\t\t<div class='gallery-icon landscape'>\n\t\t\t\t<a data-elementor-open-lightbox=\"yes\" data-elementor-lightbox-slideshow=\"5edc221\" data-elementor-lightbox-title=\"159916675_470805297610050_3662445587956060070_n\" data-e-action-hash=\"#elementor-action%3Aaction%3Dlightbox%26settings%3DeyJpZCI6MTY3MywidXJsIjoiaHR0cHM6XC9cL3BhemluYXBvdGVwdS5zaVwvd3AtY29udGVudFwvdXBsb2Fkc1wvMjAyMVwvMDNcLzE1OTkxNjY3NV80NzA4MDUyOTc2MTAwNTBfMzY2MjQ0NTU4Nzk1NjA2MDA3MF9uLmpwZyIsInNsaWRlc2hvdyI6IjVlZGMyMjEifQ%3D%3D\" href='https:\/\/pazinapotepu.si\/wp-content\/uploads\/2021\/03\/159916675_470805297610050_3662445587956060070_n.jpg'><img decoding=\"async\" width=\"150\" height=\"150\" src=\"https:\/\/pazinapotepu.si\/wp-content\/uploads\/2021\/03\/159916675_470805297610050_3662445587956060070_n-150x150.jpg\" class=\"attachment-thumbnail size-thumbnail\" alt=\"\" \/><\/a>\n\t\t\t<\/div><\/figure><figure class='gallery-item'>\n\t\t\t<div class='gallery-icon landscape'>\n\t\t\t\t<a data-elementor-open-lightbox=\"yes\" data-elementor-lightbox-slideshow=\"5edc221\" data-elementor-lightbox-title=\"157575287_187690199781982_7569777408326812618_n\" data-e-action-hash=\"#elementor-action%3Aaction%3Dlightbox%26settings%3DeyJpZCI6MTAzNSwidXJsIjoiaHR0cHM6XC9cL3BhemluYXBvdGVwdS5zaVwvd3AtY29udGVudFwvdXBsb2Fkc1wvMjAyMVwvMDNcLzE1NzU3NTI4N18xODc2OTAxOTk3ODE5ODJfNzU2OTc3NzQwODMyNjgxMjYxOF9uLTEuanBnIiwic2xpZGVzaG93IjoiNWVkYzIyMSJ9\" href='https:\/\/pazinapotepu.si\/wp-content\/uploads\/2021\/03\/157575287_187690199781982_7569777408326812618_n-1.jpg'><img loading=\"lazy\" decoding=\"async\" width=\"150\" height=\"150\" src=\"https:\/\/pazinapotepu.si\/wp-content\/uploads\/2021\/03\/157575287_187690199781982_7569777408326812618_n-1-150x150.jpg\" class=\"attachment-thumbnail size-thumbnail\" alt=\"\" \/><\/a>\n\t\t\t<\/div><\/figure><figure class='gallery-item'>\n\t\t\t<div class='gallery-icon portrait'>\n\t\t\t\t<a data-elementor-open-lightbox=\"yes\" data-elementor-lightbox-slideshow=\"5edc221\" data-elementor-lightbox-title=\"159898553_178716657190062_8876831851364842989_n\" data-e-action-hash=\"#elementor-action%3Aaction%3Dlightbox%26settings%3DeyJpZCI6MTY3MSwidXJsIjoiaHR0cHM6XC9cL3BhemluYXBvdGVwdS5zaVwvd3AtY29udGVudFwvdXBsb2Fkc1wvMjAyMVwvMDNcLzE1OTg5ODU1M18xNzg3MTY2NTcxOTAwNjJfODg3NjgzMTg1MTM2NDg0Mjk4OV9uLmpwZyIsInNsaWRlc2hvdyI6IjVlZGMyMjEifQ%3D%3D\" href='https:\/\/pazinapotepu.si\/wp-content\/uploads\/2021\/03\/159898553_178716657190062_8876831851364842989_n.jpg'><img loading=\"lazy\" decoding=\"async\" width=\"150\" height=\"150\" src=\"https:\/\/pazinapotepu.si\/wp-content\/uploads\/2021\/03\/159898553_178716657190062_8876831851364842989_n-150x150.jpg\" class=\"attachment-thumbnail size-thumbnail\" alt=\"\" \/><\/a>\n\t\t\t<\/div><\/figure><figure class='gallery-item'>\n\t\t\t<div class='gallery-icon landscape'>\n\t\t\t\t<a data-elementor-open-lightbox=\"yes\" data-elementor-lightbox-slideshow=\"5edc221\" data-elementor-lightbox-title=\"159995030_3916473841778921_6895948146706150793_n\" data-e-action-hash=\"#elementor-action%3Aaction%3Dlightbox%26settings%3DeyJpZCI6MTY3MiwidXJsIjoiaHR0cHM6XC9cL3BhemluYXBvdGVwdS5zaVwvd3AtY29udGVudFwvdXBsb2Fkc1wvMjAyMVwvMDNcLzE1OTk5NTAzMF8zOTE2NDczODQxNzc4OTIxXzY4OTU5NDgxNDY3MDYxNTA3OTNfbi5qcGciLCJzbGlkZXNob3ciOiI1ZWRjMjIxIn0%3D\" href='https:\/\/pazinapotepu.si\/wp-content\/uploads\/2021\/03\/159995030_3916473841778921_6895948146706150793_n.jpg'><img loading=\"lazy\" decoding=\"async\" width=\"150\" height=\"150\" src=\"https:\/\/pazinapotepu.si\/wp-content\/uploads\/2021\/03\/159995030_3916473841778921_6895948146706150793_n-150x150.jpg\" class=\"attachment-thumbnail size-thumbnail\" alt=\"\" \/><\/a>\n\t\t\t<\/div><\/figure><figure class='gallery-item'>\n\t\t\t<div class='gallery-icon portrait'>\n\t\t\t\t<a data-elementor-open-lightbox=\"yes\" data-elementor-lightbox-slideshow=\"5edc221\" data-elementor-lightbox-title=\"159607294_300934584793237_6227296783702590670_n\" data-e-action-hash=\"#elementor-action%3Aaction%3Dlightbox%26settings%3DeyJpZCI6MTY3MCwidXJsIjoiaHR0cHM6XC9cL3BhemluYXBvdGVwdS5zaVwvd3AtY29udGVudFwvdXBsb2Fkc1wvMjAyMVwvMDNcLzE1OTYwNzI5NF8zMDA5MzQ1ODQ3OTMyMzdfNjIyNzI5Njc4MzcwMjU5MDY3MF9uLmpwZyIsInNsaWRlc2hvdyI6IjVlZGMyMjEifQ%3D%3D\" href='https:\/\/pazinapotepu.si\/wp-content\/uploads\/2021\/03\/159607294_300934584793237_6227296783702590670_n.jpg'><img loading=\"lazy\" decoding=\"async\" width=\"150\" height=\"150\" src=\"https:\/\/pazinapotepu.si\/wp-content\/uploads\/2021\/03\/159607294_300934584793237_6227296783702590670_n-150x150.jpg\" class=\"attachment-thumbnail size-thumbnail\" alt=\"\" \/><\/a>\n\t\t\t<\/div><\/figure><figure class='gallery-item'>\n\t\t\t<div class='gallery-icon portrait'>\n\t\t\t\t<a data-elementor-open-lightbox=\"yes\" data-elementor-lightbox-slideshow=\"5edc221\" data-elementor-lightbox-title=\"158144782_1087357478431245_5838833812877451618_n\" data-e-action-hash=\"#elementor-action%3Aaction%3Dlightbox%26settings%3DeyJpZCI6MTAzOCwidXJsIjoiaHR0cHM6XC9cL3BhemluYXBvdGVwdS5zaVwvd3AtY29udGVudFwvdXBsb2Fkc1wvMjAyMVwvMDNcLzE1ODE0NDc4Ml8xMDg3MzU3NDc4NDMxMjQ1XzU4Mzg4MzM4MTI4Nzc0NTE2MThfbi5qcGciLCJzbGlkZXNob3ciOiI1ZWRjMjIxIn0%3D\" href='https:\/\/pazinapotepu.si\/wp-content\/uploads\/2021\/03\/158144782_1087357478431245_5838833812877451618_n.jpg'><img loading=\"lazy\" decoding=\"async\" width=\"150\" height=\"150\" src=\"https:\/\/pazinapotepu.si\/wp-content\/uploads\/2021\/03\/158144782_1087357478431245_5838833812877451618_n-150x150.jpg\" class=\"attachment-thumbnail size-thumbnail\" alt=\"\" \/><\/a>\n\t\t\t<\/div><\/figure><figure class='gallery-item'>\n\t\t\t<div class='gallery-icon landscape'>\n\t\t\t\t<a data-elementor-open-lightbox=\"yes\" data-elementor-lightbox-slideshow=\"5edc221\" data-elementor-lightbox-title=\"157580799_988675361665628_6330348845843198893_n\" data-e-action-hash=\"#elementor-action%3Aaction%3Dlightbox%26settings%3DeyJpZCI6MTAzNiwidXJsIjoiaHR0cHM6XC9cL3BhemluYXBvdGVwdS5zaVwvd3AtY29udGVudFwvdXBsb2Fkc1wvMjAyMVwvMDNcLzE1NzU4MDc5OV85ODg2NzUzNjE2NjU2MjhfNjMzMDM0ODg0NTg0MzE5ODg5M19uLTEuanBnIiwic2xpZGVzaG93IjoiNWVkYzIyMSJ9\" href='https:\/\/pazinapotepu.si\/wp-content\/uploads\/2021\/03\/157580799_988675361665628_6330348845843198893_n-1.jpg'><img loading=\"lazy\" decoding=\"async\" width=\"150\" height=\"150\" src=\"https:\/\/pazinapotepu.si\/wp-content\/uploads\/2021\/03\/157580799_988675361665628_6330348845843198893_n-1-150x150.jpg\" class=\"attachment-thumbnail size-thumbnail\" alt=\"\" \/><\/a>\n\t\t\t<\/div><\/figure>\n\t\t<\/div>\n\t\t<\/div>\n\t\t\t\t\t\t<\/div>\n\t\t\t\t<\/div>\n\t\t\t\t\t<\/div>\n\t\t<\/div>\n\t\t\t\t\t<\/div>\n\t\t<\/section>\n\t\t\t\t<\/div>","protected":false},"excerpt":{"rendered":"<p>Otli\u0161ko okno Otli\u0161ko okno je znana in priljubljena pohodni\u0161ka to\u010dka, ki se nahaja na trnovski planoti nad Ajdov\u0161\u010dino. Pot je srednje te\u017eka in je lepo ozna\u010dena, na\u0161 trud pa je popla\u010dan s pogledom skozi okno na vipavsko dolino. Kako do okna? Avtocesto zapustimo na izhodu Ajdov\u0161\u010dina in se usmerimo desno. Na semaforju peljemo naravnost do [&hellip;]<\/p>\n","protected":false},"author":2,"featured_media":0,"parent":0,"menu_order":0,"comment_status":"closed","ping_status":"closed","template":"","meta":{"site-sidebar-layout":"no-sidebar","site-content-layout":"page-builder","ast-site-content-layout":"default","site-content-style":"default","site-sidebar-style":"default","ast-global-header-display":"","ast-banner-title-visibility":"","ast-main-header-display":"","ast-hfb-above-header-display":"","ast-hfb-below-header-display":"","ast-hfb-mobile-header-display":"","site-post-title":"disabled","ast-breadcrumbs-content":"","ast-featured-img":"disabled","footer-sml-layout":"","ast-disable-related-posts":"","theme-transparent-header-meta":"","adv-header-id-meta":"","stick-header-meta":"","header-above-stick-meta":"","header-main-stick-meta":"","header-below-stick-meta":"","astra-migrate-meta-layouts":"default","ast-page-background-enabled":"default","ast-page-background-meta":{"desktop":{"background-color":"","background-image":"","background-repeat":"repeat","background-position":"center center","background-size":"auto","background-attachment":"scroll","background-type":"","background-media":"","overlay-type":"","overlay-color":"","overlay-opacity":"","overlay-gradient":""},"tablet":{"background-color":"","background-image":"","background-repeat":"repeat","background-position":"center center","background-size":"auto","background-attachment":"scroll","background-type":"","background-media":"","overlay-type":"","overlay-color":"","overlay-opacity":"","overlay-gradient":""},"mobile":{"background-color":"","background-image":"","background-repeat":"repeat","background-position":"center center","background-size":"auto","background-attachment":"scroll","background-type":"","background-media":"","overlay-type":"","overlay-color":"","overlay-opacity":"","overlay-gradient":""}},"ast-content-background-meta":{"desktop":{"background-color":"var(--ast-global-color-5)","background-image":"","background-repeat":"repeat","background-position":"center center","background-size":"auto","background-attachment":"scroll","background-type":"","background-media":"","overlay-type":"","overlay-color":"","overlay-opacity":"","overlay-gradient":""},"tablet":{"background-color":"var(--ast-global-color-5)","background-image":"","background-repeat":"repeat","background-position":"center center","background-size":"auto","background-attachment":"scroll","background-type":"","background-media":"","overlay-type":"","overlay-color":"","overlay-opacity":"","overlay-gradient":""},"mobile":{"background-color":"var(--ast-global-color-5)","background-image":"","background-repeat":"repeat","background-position":"center center","background-size":"auto","background-attachment":"scroll","background-type":"","background-media":"","overlay-type":"","overlay-color":"","overlay-opacity":"","overlay-gradient":""}},"footnotes":""},"class_list":["post-924","page","type-page","status-publish","hentry"],"yoast_head":"<!-- This site is optimized with the Yoast SEO plugin v27.4 - https:\/\/yoast.com\/product\/yoast-seo-wordpress\/ -->\n<title>Otli\u0161ko okno - Pazi na Potepu<\/title>\n<meta name=\"description\" content=\"Otli\u0161ko okno - Pazi na Potepu\" \/>\n<meta name=\"robots\" content=\"index, follow, max-snippet:-1, max-image-preview:large, max-video-preview:-1\" \/>\n<link rel=\"canonical\" href=\"https:\/\/pazinapotepu.si\/en\/otlisko-okno\/\" \/>\n<meta property=\"og:locale\" content=\"en_US\" \/>\n<meta property=\"og:type\" content=\"article\" \/>\n<meta property=\"og:title\" content=\"Otli\u0161ko okno - Pazi na Potepu\" \/>\n<meta property=\"og:description\" content=\"Otli\u0161ko okno - Pazi na Potepu\" \/>\n<meta property=\"og:url\" content=\"https:\/\/pazinapotepu.si\/en\/otlisko-okno\/\" \/>\n<meta property=\"og:site_name\" content=\"Pazi na Potepu\" \/>\n<meta property=\"article:modified_time\" content=\"2023-02-16T08:22:00+00:00\" \/>\n<meta property=\"og:image\" content=\"https:\/\/pazinapotepu.si\/wp-content\/uploads\/2021\/03\/otlisko-okno-main-1024x768.jpg\" \/>\n<meta name=\"twitter:card\" content=\"summary_large_image\" \/>\n<meta name=\"twitter:label1\" content=\"Est. reading time\" \/>\n\t<meta name=\"twitter:data1\" content=\"3 minutes\" \/>\n<script type=\"application\/ld+json\" class=\"yoast-schema-graph\">{\"@context\":\"https:\\\/\\\/schema.org\",\"@graph\":[{\"@type\":\"WebPage\",\"@id\":\"https:\\\/\\\/pazinapotepu.si\\\/otlisko-okno\\\/\",\"url\":\"https:\\\/\\\/pazinapotepu.si\\\/otlisko-okno\\\/\",\"name\":\"Otli\u0161ko okno - Pazi na Potepu\",\"isPartOf\":{\"@id\":\"https:\\\/\\\/pazinapotepu.si\\\/#website\"},\"primaryImageOfPage\":{\"@id\":\"https:\\\/\\\/pazinapotepu.si\\\/otlisko-okno\\\/#primaryimage\"},\"image\":{\"@id\":\"https:\\\/\\\/pazinapotepu.si\\\/otlisko-okno\\\/#primaryimage\"},\"thumbnailUrl\":\"https:\\\/\\\/pazinapotepu.si\\\/wp-content\\\/uploads\\\/2021\\\/03\\\/otlisko-okno-main-1024x768.jpg\",\"datePublished\":\"2021-03-02T17:50:58+00:00\",\"dateModified\":\"2023-02-16T08:22:00+00:00\",\"description\":\"Otli\u0161ko okno - Pazi na Potepu\",\"breadcrumb\":{\"@id\":\"https:\\\/\\\/pazinapotepu.si\\\/otlisko-okno\\\/#breadcrumb\"},\"inLanguage\":\"en-US\",\"potentialAction\":[{\"@type\":\"ReadAction\",\"target\":[\"https:\\\/\\\/pazinapotepu.si\\\/otlisko-okno\\\/\"]}]},{\"@type\":\"ImageObject\",\"inLanguage\":\"en-US\",\"@id\":\"https:\\\/\\\/pazinapotepu.si\\\/otlisko-okno\\\/#primaryimage\",\"url\":\"https:\\\/\\\/pazinapotepu.si\\\/wp-content\\\/uploads\\\/2021\\\/03\\\/otlisko-okno-main-1024x768.jpg\",\"contentUrl\":\"https:\\\/\\\/pazinapotepu.si\\\/wp-content\\\/uploads\\\/2021\\\/03\\\/otlisko-okno-main-1024x768.jpg\"},{\"@type\":\"BreadcrumbList\",\"@id\":\"https:\\\/\\\/pazinapotepu.si\\\/otlisko-okno\\\/#breadcrumb\",\"itemListElement\":[{\"@type\":\"ListItem\",\"position\":1,\"name\":\"Home\",\"item\":\"https:\\\/\\\/pazinapotepu.si\\\/\"},{\"@type\":\"ListItem\",\"position\":2,\"name\":\"Otli\u0161ko okno\"}]},{\"@type\":\"WebSite\",\"@id\":\"https:\\\/\\\/pazinapotepu.si\\\/#website\",\"url\":\"https:\\\/\\\/pazinapotepu.si\\\/\",\"name\":\"Pazi na Potepu\",\"description\":\"Potovanja so najina strast\",\"potentialAction\":[{\"@type\":\"SearchAction\",\"target\":{\"@type\":\"EntryPoint\",\"urlTemplate\":\"https:\\\/\\\/pazinapotepu.si\\\/?s={search_term_string}\"},\"query-input\":{\"@type\":\"PropertyValueSpecification\",\"valueRequired\":true,\"valueName\":\"search_term_string\"}}],\"inLanguage\":\"en-US\"}]}<\/script>\n<!-- \/ Yoast SEO plugin. -->","yoast_head_json":{"title":"Otli\u0161ko okno - Pazi na Potepu","description":"Otli\u0161ko okno - Pazi na Potepu","robots":{"index":"index","follow":"follow","max-snippet":"max-snippet:-1","max-image-preview":"max-image-preview:large","max-video-preview":"max-video-preview:-1"},"canonical":"https:\/\/pazinapotepu.si\/en\/otlisko-okno\/","og_locale":"en_US","og_type":"article","og_title":"Otli\u0161ko okno - Pazi na Potepu","og_description":"Otli\u0161ko okno - Pazi na Potepu","og_url":"https:\/\/pazinapotepu.si\/en\/otlisko-okno\/","og_site_name":"Pazi na Potepu","article_modified_time":"2023-02-16T08:22:00+00:00","og_image":[{"url":"https:\/\/pazinapotepu.si\/wp-content\/uploads\/2021\/03\/otlisko-okno-main-1024x768.jpg","type":"","width":"","height":""}],"twitter_card":"summary_large_image","twitter_misc":{"Est. reading time":"3 minutes"},"schema":{"@context":"https:\/\/schema.org","@graph":[{"@type":"WebPage","@id":"https:\/\/pazinapotepu.si\/otlisko-okno\/","url":"https:\/\/pazinapotepu.si\/otlisko-okno\/","name":"Otli\u0161ko okno - Pazi na Potepu","isPartOf":{"@id":"https:\/\/pazinapotepu.si\/#website"},"primaryImageOfPage":{"@id":"https:\/\/pazinapotepu.si\/otlisko-okno\/#primaryimage"},"image":{"@id":"https:\/\/pazinapotepu.si\/otlisko-okno\/#primaryimage"},"thumbnailUrl":"https:\/\/pazinapotepu.si\/wp-content\/uploads\/2021\/03\/otlisko-okno-main-1024x768.jpg","datePublished":"2021-03-02T17:50:58+00:00","dateModified":"2023-02-16T08:22:00+00:00","description":"Otli\u0161ko okno - Pazi na Potepu","breadcrumb":{"@id":"https:\/\/pazinapotepu.si\/otlisko-okno\/#breadcrumb"},"inLanguage":"en-US","potentialAction":[{"@type":"ReadAction","target":["https:\/\/pazinapotepu.si\/otlisko-okno\/"]}]},{"@type":"ImageObject","inLanguage":"en-US","@id":"https:\/\/pazinapotepu.si\/otlisko-okno\/#primaryimage","url":"https:\/\/pazinapotepu.si\/wp-content\/uploads\/2021\/03\/otlisko-okno-main-1024x768.jpg","contentUrl":"https:\/\/pazinapotepu.si\/wp-content\/uploads\/2021\/03\/otlisko-okno-main-1024x768.jpg"},{"@type":"BreadcrumbList","@id":"https:\/\/pazinapotepu.si\/otlisko-okno\/#breadcrumb","itemListElement":[{"@type":"ListItem","position":1,"name":"Home","item":"https:\/\/pazinapotepu.si\/"},{"@type":"ListItem","position":2,"name":"Otli\u0161ko okno"}]},{"@type":"WebSite","@id":"https:\/\/pazinapotepu.si\/#website","url":"https:\/\/pazinapotepu.si\/","name":"Pazi na Potepu","description":"Traveling Is Our Passion","potentialAction":[{"@type":"SearchAction","target":{"@type":"EntryPoint","urlTemplate":"https:\/\/pazinapotepu.si\/?s={search_term_string}"},"query-input":{"@type":"PropertyValueSpecification","valueRequired":true,"valueName":"search_term_string"}}],"inLanguage":"en-US"}]}},"_links":{"self":[{"href":"https:\/\/pazinapotepu.si\/en\/wp-json\/wp\/v2\/pages\/924","targetHints":{"allow":["GET"]}}],"collection":[{"href":"https:\/\/pazinapotepu.si\/en\/wp-json\/wp\/v2\/pages"}],"about":[{"href":"https:\/\/pazinapotepu.si\/en\/wp-json\/wp\/v2\/types\/page"}],"author":[{"embeddable":true,"href":"https:\/\/pazinapotepu.si\/en\/wp-json\/wp\/v2\/users\/2"}],"replies":[{"embeddable":true,"href":"https:\/\/pazinapotepu.si\/en\/wp-json\/wp\/v2\/comments?post=924"}],"version-history":[{"count":10,"href":"https:\/\/pazinapotepu.si\/en\/wp-json\/wp\/v2\/pages\/924\/revisions"}],"predecessor-version":[{"id":3471,"href":"https:\/\/pazinapotepu.si\/en\/wp-json\/wp\/v2\/pages\/924\/revisions\/3471"}],"wp:attachment":[{"href":"https:\/\/pazinapotepu.si\/en\/wp-json\/wp\/v2\/media?parent=924"}],"curies":[{"name":"wp","href":"https:\/\/api.w.org\/{rel}","templated":true}]}}